{"id":3,"date":"2021-10-10T13:43:37","date_gmt":"2021-10-10T13:43:37","guid":{"rendered":"https:\/\/rev-snc.eu\/?page_id=3"},"modified":"2021-10-22T11:46:14","modified_gmt":"2021-10-22T11:46:14","slug":"privacy-policy","status":"publish","type":"page","link":"https:\/\/rev-snc.eu\/index.php\/privacy-policy\/","title":{"rendered":"Privacy Policy"},"content":{"rendered":"\r\n<p style=\"text-align: justify;\">In ottemperanza degli obblighi derivanti dalla normativa nazionale (<strong>D. Lgs 30 giugno 2003 n. 196<\/strong>, Codice in materia di protezione dei dati personali) e comunitaria, (<strong>Regolamento europeo per la protezione dei dati personali n. 679\/2016, GDPR<\/strong>) e successive modifiche, il presente sito rispetta e tutela la riservatezza dei visitatori e degli utenti, ponendo in essere ogni sforzo possibile e proporzionato per non ledere i diritti degli utenti.<\/p>\r\n\r\n\r\n\r\n<p><strong>Uso di cookie e tecnologie simili da parte di REV Snc<\/strong><\/p>\r\n\r\n\r\n\r\n<p style=\"text-align: justify;\">La tecnologia \u201ccookie\u201d viene utilizzata per ottenere informazioni in merito all&#8217;esperienza avuta sui nostri web e per consentire il funzionamento di alcuni servizi che necessitano che venga identificato il passaggio dell&#8217;utente nelle varie pagine.<\/p>\r\n\r\n\r\n\r\n<p><strong>Cosa sono i cookie?<\/strong><\/p>\r\n\r\n\r\n\r\n<p style=\"text-align: justify;\">Un &#8220;cookie&#8221; costituisce un&#8217;informazione inviata da un server a un browser e consente al server di raccogliere informazioni dal browser e viceversa. Il cookie aiuter\u00e0 il sito web a riconoscere il vostro dispositivo qualora il sito venga nuovamente visitato. I cookie servono a molte funzioni. Per esempio, possono aiutarci a ricordare le vostre preferenze, analizzare la performance del nostro sito web o addirittura consentirci di raccomandarvi contenuti che pensiamo possano essere di vostro interesse.<\/p>\r\n\r\n\r\n\r\n<p style=\"text-align: justify;\">I nostri cookie sono normalmente anonimi e non sono ricollegabili ai dati personali dell&#8217;utente. I cookie di prima parte sono associati al nome di dominio della pagina che state visitando e consentono di identificare la persona mediante un riferimento incrociato con il nostro database, possono essere assegnati unicamente dietro richiesta esplicita degli utenti e allo scopo di consentire la loro immediata identificazione. L&#8217;identit\u00e0 dell&#8217;utente non \u00e8 mai, in ogni caso, inclusa direttamente nel cookie e non pu\u00f2 essere intercettata.<\/p>\r\n\r\n\r\n\r\n<p style=\"text-align: justify;\">Ogni volta che accedete al sito web, indipendentemente dalla presenza o assenza di un cookie, registriamo il tipo di browser, il sistema operativo e l&#8217;hosting insieme all&#8217;URL sorgente del visitatore, cos\u00ec come le informazioni sulla pagina richiesta. Questi dati possono, quindi, essere utilizzati in forma aggregata e anonima per effettuare analisi statistiche sull&#8217;utilizzo del sito web.<\/p>\r\n\r\n\r\n\r\n<p><strong>Che tipo di cookie utilizzano i siti di REV Snc?<\/strong><\/p>\r\n\r\n\r\n\r\n<p style=\"text-align: justify;\">Per l&#8217;installazione dei cookies tecnici (di navigazione\/sessione; di tipo &#8220;Analytics&#8221; e di funzionalit\u00e0) non \u00e8 richiesto il consenso dell&#8217;utente, ma solo l&#8217;obbligo di informativa.<\/p>\r\n\r\n\r\n\r\n<p><strong>I cookies di profilazione<\/strong><\/p>\r\n\r\n\r\n\r\n<p style=\"text-align: justify;\">Sono volti a creare profili relativi all&#8217;utente e vengono utilizzati al fine di inviare messaggi pubblicitari mirati, in linea con le preferenze manifestate dallo stesso nell&#8217;ambito della navigazione in rete. Prevedono che l&#8217;utente esprima il suo consenso. L&#8217;utente pu\u00f2 in qualunque momento negare il consenso e\/o modificare le sue opzioni avvalendosi delle apposite sezioni di questa informativa estesa.<\/p>\r\n\r\n\r\n\r\n<p><strong>Che tipo di cookie utilizzano i siti di REV Snc?<\/strong><\/p>\r\n\r\n\r\n\r\n<p style=\"text-align: justify;\">I cookie utilizzati sul nostro sito web sono divisi in 4 tipologie: Strettamente necessari, di performance, di funzionalit\u00e0 e di individuazione. Il nostro sito non raccoglie dati personali e informazioni relative all&#8217;individuo, a meno che questi non decida volontariamente di inserirli. Potrete quindi navigare sul nostro sito senza divulgare nessun dato personale identificabile, incluso il vostro indirizzo email. Vi ricordiamo che scegliendo di disabilitare i cookie, alcune sezioni del sito potrebbero non funzionare adeguatamente.<\/p>\r\n\r\n\r\n\r\n<ol class=\"wp-block-list\">\r\n<li style=\"text-align: justify;\">Cookie strettamente necessari Alcuni cookie sono essenziali per il corretto funzionamento del nostro sito web. Questi cookie consentono di fornire i servizi richiesti dagli utenti e di navigare nel sito utilizzando le sue prestazioni migliori. Questo tipo di cookie non pu\u00f2 essere disabilitato in quanto \u00e8 necessario per il corretto funzionamento del sito.<\/li>\r\n<li style=\"text-align: justify;\">Cookie di performance e funzionalit\u00e0 II cookie di performance raccolgono informazioni anonime sulle pagine visitate dagli utenti. Vengono utilizzati per tracciare le pagine pi\u00f9 ricercate e sono utili per migliorare i collegamenti tra le pagine e per determinare il motivo di possibili messaggi di errore. I cookie di funzionalit\u00e0 inoltre, memorizzano le scelte fatte dall&#8217;utente al fine di migliorare la navigazione e la vostra esperienza online. Questi cookie vengono utilizzati ad esempio per consentire di salvare informazioni sui prodotti. Rimuovendo questi cookie che non raccolgono informazioni sui dati sensibili dell&#8217;utente, verranno perse alcune funzionalit\u00e0 del sito il quale offrir\u00e0 una performance inferiore.<\/li>\r\n<li style=\"text-align: justify;\">Cookie di individuazione o pubblicit\u00e0 Questi cookie raccolgono informazioni circa le vostre abitudini di navigazione, al fine di proporre pubblicit\u00e0 che siano importanti e mirate ai vostri interessi. I dati sensibili dell&#8217;utente non verranno tracciati ma vi consigliamo di visitare il sito http:\/\/www.youronlinechoices.com\/it\/ per avere maggiori informazioni. Rimuovendo questi cookie non verr\u00e0 persa nessuna funzionalit\u00e0. Cosa succede ai cookie che sono stati scaricati in passato? Leggeremo o scriveremo i cookie unicamente in base al livello di preferenza indicato nello strumento per l&#8217;impostazione dei cookie. I cookie presenti prima di aver cambiato le vostre impostazioni rimarranno sul vostro computer e potrete rimuoverli utilizzando le impostazioni del vostro browser.<\/li>\r\n<\/ol>\r\n\r\n\r\n\r\n<p><strong>Come disabilitare i cookies tramite il tuo browser<\/strong><\/p>\r\n\r\n\r\n\r\n<p style=\"text-align: justify;\">&#8211; Il sito web di REV Snc funziona in modo ottimale se i cookies sono abilitati. Puoi comunque decidere di non consentire l&#8217;impostazione dei cookies sul tuo computer; per farlo accedi alle &#8220;Preferenze&#8221; del tuo browser. Per informazioni su come modificare le impostazioni dei cookies seleziona il browser che stai utilizzando: Chrome &#8211; Firefox &#8211; Internet Explorer<br \/>Se disattivi i cookies, potresti disabilitare alcune funzionalit\u00e0 del sito. Anche con tutti i cookies disabilitati, il tuo browser continuer\u00e0 a memorizzare una piccola quantit\u00e0 di informazioni, necessarie per le funzionalit\u00e0 di base del sito.<\/p>\r\n\r\n\r\n\r\n<p><strong>Alcune informazioni aggiuntive sullo strumento di impostazione dei cookie<\/strong><\/p>\r\n\r\n\r\n\r\n<p style=\"text-align: justify;\">Utilizziamo un cookie per ricordare le vostre preferenze nello strumento per l&#8217;impostazione dei cookie; ci\u00f2 porta con s\u00e9 un paio di conseguenze:<\/p>\r\n\r\n\r\n\r\n<ul class=\"wp-block-list\">\r\n<li>Se cancellate tutti i vostri cookie, dovrete aggiornare nuovamente le vostre preferenze quando visitate il nostro sito;<\/li>\r\n<li style=\"text-align: justify;\">Se utilizzate un dispositivo, computer o browser differente da quello che normalmente utilizzate, dovrete nuovamente farci conoscere le vostre preferenze<\/li>\r\n<\/ul>\r\n\r\n\r\n\r\n<p>Le impostazioni delle preferenze sono fissate per tutti i siti appartenenti al gruppo REV Snc .<\/p>\r\n\r\n\r\n\r\n<p><strong>Possiamo sapere se i nostri utenti aprono le nostre email?<\/strong><\/p>\r\n\r\n\r\n\r\n<p>&#8211; REV Snc collabora con Terze parti accuratamente selezionate e controllate.<\/p>\r\n\r\n\r\n\r\n<p><strong>Possiamo sapere se i nostri utenti aprono le nostre email?<\/strong><\/p>\r\n\r\n\r\n\r\n<p style=\"text-align: justify;\">Le nostre email possono contenere un \u201cweb beacon pixel\u201d che ci pu\u00f2 far sapere se le nostre email sono state lette e pu\u00f2 verificare se si \u00e8 cliccato sui link contenuti nell&#8217;email. Possiamo utilizzare queste informazioni per vari scopi, tra cui, determinare quale delle nostre email destano maggiore interesse tra gli utenti e chiedere se gli utenti che non aprono le nostre email desiderano continuare a riceverle. I pixel saranno cancellati quando cancellate l&#8217;email. Da quel momento in poi non potremo ottenere alcun dato, ma conserveremo i dati gi\u00e0 in nostro possesso. Maggiori informazioni sui cookie sono disponibili all&#8217;indirizzo http:\/\/www.youronlinechoices.com\/it\/<\/p>\r\n","protected":false},"excerpt":{"rendered":"<p>In ottemperanza degli obblighi derivanti dalla normativa nazionale (D. Lgs 30 giugno 2003 n. 196, Codice in materia di protezione dei dati personali) e comunitaria, (Regolamento europeo per la protezione dei dati personali n. 679\/2016, GDPR) e successive modifiche, il presente sito rispetta e tutela la riservatezza dei visitatori e degli utenti, ponendo in essere ogni sforzo possibile e proporzionato&#8230;<\/p>\n","protected":false},"author":1,"featured_media":0,"parent":0,"menu_order":0,"comment_status":"closed","ping_status":"open","template":"","meta":{"footnotes":""},"class_list":["post-3","page","type-page","status-publish","hentry"],"_links":{"self":[{"href":"https:\/\/rev-snc.eu\/index.php\/wp-json\/wp\/v2\/pages\/3","targetHints":{"allow":["GET"]}}],"collection":[{"href":"https:\/\/rev-snc.eu\/index.php\/wp-json\/wp\/v2\/pages"}],"about":[{"href":"https:\/\/rev-snc.eu\/index.php\/wp-json\/wp\/v2\/types\/page"}],"author":[{"embeddable":true,"href":"https:\/\/rev-snc.eu\/index.php\/wp-json\/wp\/v2\/users\/1"}],"replies":[{"embeddable":true,"href":"https:\/\/rev-snc.eu\/index.php\/wp-json\/wp\/v2\/comments?post=3"}],"version-history":[{"count":3,"href":"https:\/\/rev-snc.eu\/index.php\/wp-json\/wp\/v2\/pages\/3\/revisions"}],"predecessor-version":[{"id":322,"href":"https:\/\/rev-snc.eu\/index.php\/wp-json\/wp\/v2\/pages\/3\/revisions\/322"}],"wp:attachment":[{"href":"https:\/\/rev-snc.eu\/index.php\/wp-json\/wp\/v2\/media?parent=3"}],"curies":[{"name":"wp","href":"https:\/\/api.w.org\/{rel}","templated":true}]}}